{"id":47,"date":"2025-09-26T07:42:01","date_gmt":"2025-09-26T07:42:01","guid":{"rendered":"https:\/\/wp-s1.inmotiv.be\/?page_id=47"},"modified":"2026-01-22T13:57:16","modified_gmt":"2026-01-22T13:57:16","slug":"47-2","status":"publish","type":"page","link":"https:\/\/wp-s2.inmotiv.be\/","title":{"rendered":"NL"},"content":{"rendered":"\n<div class=\"wp-block-group alignfull has-global-padding is-layout-constrained wp-block-group-is-layout-constrained\" style=\"padding-top:0;padding-right:var(--wp--preset--spacing--40);padding-bottom:0;padding-left:var(--wp--preset--spacing--40);background-image:url(&#039;https:\/\/wp-s2.inmotiv.be\/wp-content\/uploads\/2025\/12\/Firefly_Gemini-Flash4.png&#039;);background-size:cover;\">\n<div class=\"wp-block-group alignwide has-global-padding is-layout-constrained wp-container-core-group-layout-1 wp-block-group-is-layout-constrained\">\n<div style=\"height:84px;width:0px\" aria-hidden=\"true\" class=\"wp-block-spacer\"><\/div>\n\n\n\n<h1 class=\"wp-block-heading alignwide has-text-align-left is-style-default has-base-color has-text-color has-link-color has-system-sans-serif-font-family wp-elements-574e038f3402bb6a1a66ef38d001b63f\" style=\"font-size:clamp(41.23px, 2.577rem + ((1vw - 3.2px) * 3.83), 78px);\">Uw voertuigdata up-to-date!<\/h1>\n\n\n\n<div style=\"height:35px;width:0px\" aria-hidden=\"true\" class=\"wp-block-spacer\"><\/div>\n\n\n\n<h3 class=\"wp-block-heading alignwide has-text-align-left is-style-default has-text-color has-link-color has-system-sans-serif-font-family has-x-large-font-size wp-elements-67abd15f231441141cf3f13957f72e48\" style=\"color:#808080;margin-top:0;margin-bottom:var(--wp--preset--spacing--10);font-style:normal;font-weight:400;line-height:1.5\">Identificeer voertuigen, zoek alle technische en commerci\u00eble gegevens en krijg een objectieve waardebepaling.<\/h3>\n\n\n\n<div style=\"height:84px;width:0px\" aria-hidden=\"true\" class=\"wp-block-spacer\"><\/div>\n<\/div>\n<\/div>\n\n\n\n<div class=\"wp-block-group alignfull has-background has-global-padding is-layout-constrained wp-block-group-is-layout-constrained\" style=\"background-color:#99bf0d14;padding-top:0;padding-right:var(--wp--preset--spacing--40);padding-bottom:0;padding-left:var(--wp--preset--spacing--40)\">\n<div class=\"wp-block-columns alignwide are-vertically-aligned-center has-global-padding is-layout-constrained wp-container-core-columns-layout-1 wp-block-columns-is-layout-constrained\">\n<div class=\"wp-block-column is-vertically-aligned-center is-layout-flow wp-block-column-is-layout-flow\">\n<p class=\"has-text-align-center has-base-color has-text-color has-link-color has-medium-font-size wp-elements-44fdb22836028d61bbb6dbc8d96b0c2d\" style=\"font-style:normal;font-weight:700;text-decoration:underline\"><a href=\"#CARWIZARD\">ZOEK VOERTUIGGEGEVENS VIA CHASSISNUMMER<\/a><\/p>\n<\/div>\n\n\n\n<div class=\"wp-block-column is-vertically-aligned-center is-layout-flow wp-block-column-is-layout-flow\">\n<p class=\"has-text-align-center has-base-color has-text-color has-link-color has-medium-font-size wp-elements-f2068c1ad45900a74b92e6861dfeccd9\" style=\"font-style:normal;font-weight:700;text-decoration:underline\"><a href=\"#LOOKUP\">CONSULTEER PRIJSLIJST- EN CATALOGUSDATABANK<\/a><\/p>\n<\/div>\n\n\n\n<div class=\"wp-block-column is-vertically-aligned-center is-layout-flow wp-block-column-is-layout-flow\">\n<p class=\"has-text-align-center has-base-color has-text-color has-link-color has-medium-font-size wp-elements-cd7dfa0ecbecfeaaf683a4e714a4eb98\" style=\"font-style:normal;font-weight:700;text-decoration:underline\"><a href=\"#FVS\">BEPAAL VOERTUIGWAARDE<\/a><\/p>\n<\/div>\n\n\n\n<div class=\"wp-block-column is-vertically-aligned-center is-layout-flow wp-block-column-is-layout-flow\">\n<p class=\"has-text-align-center has-base-color has-text-color has-link-color has-medium-font-size wp-elements-8135463efa3b67714af2626f00bcf18e\" style=\"font-style:normal;font-weight:700;text-decoration:underline\"><a href=\"#WEBSHOP\">BESTEL NUMMERPLAAT<\/a><\/p>\n<\/div>\n<\/div>\n<\/div>\n\n\n\n<div class=\"wp-block-group alignfull has-global-padding is-layout-constrained wp-block-group-is-layout-constrained\" style=\"margin-top:var(--wp--preset--spacing--40);margin-bottom:0;padding-top:var(--wp--preset--spacing--30);padding-right:var(--wp--preset--spacing--30);padding-bottom:var(--wp--preset--spacing--30);padding-left:var(--wp--preset--spacing--30)\">\n<div class=\"wp-block-columns alignwide is-layout-flex wp-container-core-columns-layout-2 wp-block-columns-is-layout-flex\" id=\"CARWIZARD\" style=\"margin-top:0;margin-bottom:0;padding-top:0;padding-bottom:var(--wp--preset--spacing--60)\">\n<div class=\"wp-block-column is-vertically-aligned-top is-layout-flow wp-block-column-is-layout-flow\" style=\"flex-basis:50%\">\n<figure class=\"wp-block-image size-large\"><img loading=\"lazy\" decoding=\"async\" width=\"1024\" height=\"158\" src=\"https:\/\/wp-s2.inmotiv.be\/wp-content\/uploads\/2025\/09\/logo_autoconnect_carwizard_l-Transparant-ExtendedCanvas-1024x158.png\" alt=\"\" class=\"wp-image-77\" srcset=\"https:\/\/wp-s2.inmotiv.be\/wp-content\/uploads\/2025\/09\/logo_autoconnect_carwizard_l-Transparant-ExtendedCanvas-1024x158.png 1024w, https:\/\/wp-s2.inmotiv.be\/wp-content\/uploads\/2025\/09\/logo_autoconnect_carwizard_l-Transparant-ExtendedCanvas-300x46.png 300w, https:\/\/wp-s2.inmotiv.be\/wp-content\/uploads\/2025\/09\/logo_autoconnect_carwizard_l-Transparant-ExtendedCanvas-768x118.png 768w, https:\/\/wp-s2.inmotiv.be\/wp-content\/uploads\/2025\/09\/logo_autoconnect_carwizard_l-Transparant-ExtendedCanvas-1536x236.png 1536w, https:\/\/wp-s2.inmotiv.be\/wp-content\/uploads\/2025\/09\/logo_autoconnect_carwizard_l-Transparant-ExtendedCanvas-2048x315.png 2048w\" sizes=\"(max-width: 1024px) 100vw, 1024px\" \/><\/figure>\n\n\n\n<h2 class=\"wp-block-heading\" style=\"font-size:clamp(18.959px, 1.185rem + ((1vw - 3.2px) * 1.15), 30px);font-style:normal;font-weight:400\">De slimste weg naar betrouwbare voertuiginfo!<\/h2>\n\n\n\n<p class=\"has-link-color wp-elements-cd3452f52bffe27780d8c51441615815\"><a href=\"https:\/\/www.inmotiv.be\/nl\/voertuig-gegevens\/autoconnect-carwizard\/\">Autoconnect CARWIZARD<\/a><strong> <\/strong>is d\u00e9 referentie voor prijslijsten en catalogusdata! <br><br>Ontdek alle technische specificaties en commerci\u00eble gegevens van maar liefst <strong>66 automerken<\/strong> \u2013 van personenwagens tot lichte vrachtwagens en micro cars. <br><br>Alle data komt <strong>rechtstreeks van de constructeurs<\/strong>, wordt <strong>dagelijks ge\u00fcpdatet<\/strong> en bevat een uitgebreide historiek sinds <strong>1996<\/strong>. Met Autoconnect CARWIZARD heeft u altijd de meest actuele en betrouwbare informatie binnen handbereik!<\/p>\n\n\n\n<div class=\"wp-block-buttons is-layout-flex wp-block-buttons-is-layout-flex\">\n<div class=\"wp-block-button\"><a class=\"wp-block-button__link wp-element-button\" href=\"https:\/\/www.inmotiv.be\/nl\/voertuig-gegevens\/autoconnect-carwizard\/\" target=\"_blank\" rel=\"noreferrer noopener\">Ontdek Autoconnect CARWIZARD&#8230;<\/a><\/div>\n<\/div>\n<\/div>\n\n\n\n<div class=\"wp-block-column is-vertically-aligned-top is-layout-flow wp-block-column-is-layout-flow\" style=\"flex-basis:50%\">\n<figure class=\"wp-block-image size-large has-custom-border is-style-rounded wp-duotone-duotone-1\"><img loading=\"lazy\" decoding=\"async\" width=\"1024\" height=\"640\" src=\"https:\/\/wp-s2.inmotiv.be\/wp-content\/uploads\/2026\/01\/2026-01-09-CARWIZARD-NL-1024x640.png\" alt=\"\" class=\"has-border-color has-base-2-border-color wp-image-309\" style=\"border-width:2px\" srcset=\"https:\/\/wp-s2.inmotiv.be\/wp-content\/uploads\/2026\/01\/2026-01-09-CARWIZARD-NL-1024x640.png 1024w, https:\/\/wp-s2.inmotiv.be\/wp-content\/uploads\/2026\/01\/2026-01-09-CARWIZARD-NL-300x188.png 300w, https:\/\/wp-s2.inmotiv.be\/wp-content\/uploads\/2026\/01\/2026-01-09-CARWIZARD-NL-768x480.png 768w, https:\/\/wp-s2.inmotiv.be\/wp-content\/uploads\/2026\/01\/2026-01-09-CARWIZARD-NL-1536x960.png 1536w, https:\/\/wp-s2.inmotiv.be\/wp-content\/uploads\/2026\/01\/2026-01-09-CARWIZARD-NL.png 1920w\" sizes=\"(max-width: 1024px) 100vw, 1024px\" \/><\/figure>\n\n\n\n<p class=\"has-text-color has-link-color wp-elements-78b8518a40ea7aaeb69ab4b21a4face1\" style=\"color:#a3a3a370;padding-top:var(--wp--preset--spacing--30)\">Autoconnect CARWIZARD &#8211; prijslijsten &#8211; catalogi &#8211; 66 automerken &#8211; personenwagens, lichte vrachtwagens en micro cars &#8211; dagelijks ge\u00fcpdatet &#8211;  met data rechtstreeks van de constructeurs &#8211; historiek sinds 1996<\/p>\n<\/div>\n<\/div>\n\n\n\n<div class=\"wp-block-columns alignwide is-layout-flex wp-container-core-columns-layout-3 wp-block-columns-is-layout-flex\" id=\"LOOKUP\" style=\"margin-top:0;margin-bottom:0;padding-bottom:var(--wp--preset--spacing--60)\">\n<div class=\"wp-block-column is-vertically-aligned-top is-layout-flow wp-block-column-is-layout-flow\" style=\"flex-basis:50%\">\n<figure class=\"wp-block-image size-large is-resized\"><img loading=\"lazy\" decoding=\"async\" width=\"1024\" height=\"158\" src=\"https:\/\/wp-s2.inmotiv.be\/wp-content\/uploads\/2025\/09\/logo_autoconnect_lookup_l-Transparant-ExtendedCanvas-1024x158.png\" alt=\"\" class=\"wp-image-73\" style=\"width:537px;height:auto\" srcset=\"https:\/\/wp-s2.inmotiv.be\/wp-content\/uploads\/2025\/09\/logo_autoconnect_lookup_l-Transparant-ExtendedCanvas-1024x158.png 1024w, https:\/\/wp-s2.inmotiv.be\/wp-content\/uploads\/2025\/09\/logo_autoconnect_lookup_l-Transparant-ExtendedCanvas-300x46.png 300w, https:\/\/wp-s2.inmotiv.be\/wp-content\/uploads\/2025\/09\/logo_autoconnect_lookup_l-Transparant-ExtendedCanvas-768x118.png 768w, https:\/\/wp-s2.inmotiv.be\/wp-content\/uploads\/2025\/09\/logo_autoconnect_lookup_l-Transparant-ExtendedCanvas-1536x236.png 1536w, https:\/\/wp-s2.inmotiv.be\/wp-content\/uploads\/2025\/09\/logo_autoconnect_lookup_l-Transparant-ExtendedCanvas-2048x315.png 2048w\" sizes=\"(max-width: 1024px) 100vw, 1024px\" \/><\/figure>\n\n\n\n<h2 class=\"wp-block-heading\" style=\"font-size:clamp(18.959px, 1.185rem + ((1vw - 3.2px) * 1.15), 30px);font-style:normal;font-weight:400\">Voertuiginformatie zonder omwegen!<\/h2>\n\n\n\n<p class=\"has-link-color wp-elements-c99dd0cb00394bf6280dd0a233db0378\">Met <a href=\"https:\/\/www.inmotiv.be\/nl\/voertuig-gegevens\/autoconnect-lookup\/\">Autoconnect LOOKUP<\/a> krijgt u in enkele seconden een volledig beeld van elk Belgisch voertuig. Op basis van het chassisnummer haalt u meer dan <strong>120 datavelden<\/strong> op \u2013 van technische specificaties tot commerci\u00eble informatie.<br><br>LOOKUP bundelt diverse betrouwbare bronnen en levert u een <strong>360\u00b0 voertuigprofiel<\/strong>, inclusief: <\/p>\n\n\n\n<ul>\n<li>Technische gegevens<\/li>\n\n\n\n<li>Commerci\u00eble info (catalogusprijs, standaarduitrusting, opties)<\/li>\n\n\n\n<li>Inschrijvingsdetails in Belgi\u00eb<\/li>\n\n\n\n<li>Fiscaliteit &amp; milieukenmerken<\/li>\n\n\n\n<li>Technische controle<\/li>\n\n\n\n<li>Restwaarde (huidige \u00e9n toekomstige tweedehandswaarde)<\/li>\n<\/ul>\n\n\n\n<p><strong>Flexibel en voordelig<\/strong><br>Autoconnect LOOKUP is beschikbaar als <strong>API (xml\/json)<\/strong>, <strong>web-applicatie<\/strong> of via <strong>CSV-bestanden<\/strong>. U kiest zelf welke datablocks u nodig heeft en betaalt enkel voor wat u opvraagt \u2013 <strong>veel voordeliger dan andere bronnen<\/strong>. <br><br><strong>Advies op maat<\/strong><br>Onze dataspecialisten denken graag mee over uw specifieke noden en use cases. Contacteer ons vandaag voor gepersonaliseerd advies!<\/p>\n\n\n\n<div class=\"wp-block-buttons is-layout-flex wp-block-buttons-is-layout-flex\">\n<div class=\"wp-block-button\"><a class=\"wp-block-button__link wp-element-button\" href=\"https:\/\/www.inmotiv.be\/nl\/voertuig-gegevens\/autoconnect-lookup\/\" target=\"_blank\" rel=\"noreferrer noopener\">Ontdek Autoconnect LOOKUP&#8230;<\/a><\/div>\n<\/div>\n<\/div>\n\n\n\n<div class=\"wp-block-column is-vertically-aligned-top is-layout-flow wp-block-column-is-layout-flow\" style=\"flex-basis:50%\">\n<figure class=\"wp-block-image size-full has-custom-border is-style-rounded wp-duotone-duotone-1\"><img loading=\"lazy\" decoding=\"async\" width=\"1920\" height=\"1200\" src=\"https:\/\/wp-s2.inmotiv.be\/wp-content\/uploads\/2026\/01\/2026-01-09-LOOKUP-NL.png\" alt=\"\" class=\"has-border-color has-base-2-border-color wp-image-313\" style=\"border-width:2px\" srcset=\"https:\/\/wp-s2.inmotiv.be\/wp-content\/uploads\/2026\/01\/2026-01-09-LOOKUP-NL.png 1920w, https:\/\/wp-s2.inmotiv.be\/wp-content\/uploads\/2026\/01\/2026-01-09-LOOKUP-NL-300x188.png 300w, https:\/\/wp-s2.inmotiv.be\/wp-content\/uploads\/2026\/01\/2026-01-09-LOOKUP-NL-1024x640.png 1024w, https:\/\/wp-s2.inmotiv.be\/wp-content\/uploads\/2026\/01\/2026-01-09-LOOKUP-NL-768x480.png 768w, https:\/\/wp-s2.inmotiv.be\/wp-content\/uploads\/2026\/01\/2026-01-09-LOOKUP-NL-1536x960.png 1536w\" sizes=\"(max-width: 1920px) 100vw, 1920px\" \/><\/figure>\n\n\n\n<p class=\"has-text-color has-link-color wp-elements-33cc40ccb0ec2f1315865dacc7c1bf65\" style=\"color:#a3a3a370;padding-top:var(--wp--preset--spacing--30)\">Autoconnect LOOKUP &#8211;  360\u00b0 voertuigprofiel &#8211; op basis van chasissnummer &#8211; op basis van VIN &#8211; elk Belgisch voertuig &#8211; 120 datavelden &#8211; technisch &#8211; commercieel &#8211; fiscaal &#8211; milieu &#8211; technische controledata &#8211; inschrijvingsdetails &#8211; huidige en toekomstige restwaarde &#8211; API &#8211; webapplicatie &#8211; csv-bestand &#8211; datablokken<\/p>\n<\/div>\n<\/div>\n\n\n\n<div class=\"wp-block-columns alignwide is-layout-flex wp-container-core-columns-layout-4 wp-block-columns-is-layout-flex\" id=\"FVS\" style=\"margin-top:0;margin-bottom:0;padding-bottom:var(--wp--preset--spacing--60)\">\n<div class=\"wp-block-column is-vertically-aligned-top is-layout-flow wp-block-column-is-layout-flow\" style=\"flex-basis:50%\">\n<figure class=\"wp-block-image size-large is-resized\"><img loading=\"lazy\" decoding=\"async\" width=\"1024\" height=\"158\" src=\"https:\/\/wp-s2.inmotiv.be\/wp-content\/uploads\/2026\/01\/FVS-Klein-Transparant-ExtendedCanvas-1024x158.png\" alt=\"\" class=\"wp-image-301\" style=\"width:537px;height:auto\" srcset=\"https:\/\/wp-s2.inmotiv.be\/wp-content\/uploads\/2026\/01\/FVS-Klein-Transparant-ExtendedCanvas-1024x158.png 1024w, https:\/\/wp-s2.inmotiv.be\/wp-content\/uploads\/2026\/01\/FVS-Klein-Transparant-ExtendedCanvas-300x46.png 300w, https:\/\/wp-s2.inmotiv.be\/wp-content\/uploads\/2026\/01\/FVS-Klein-Transparant-ExtendedCanvas-768x118.png 768w, https:\/\/wp-s2.inmotiv.be\/wp-content\/uploads\/2026\/01\/FVS-Klein-Transparant-ExtendedCanvas-1536x236.png 1536w, https:\/\/wp-s2.inmotiv.be\/wp-content\/uploads\/2026\/01\/FVS-Klein-Transparant-ExtendedCanvas-2048x315.png 2048w\" sizes=\"(max-width: 1024px) 100vw, 1024px\" \/><\/figure>\n\n\n\n<h2 class=\"wp-block-heading\" style=\"font-size:clamp(18.959px, 1.185rem + ((1vw - 3.2px) * 1.15), 30px);font-style:normal;font-weight:400\">De \u00e9chte waarde van uw wagen(park), in \u00e9\u00e9n klik &#8211; van vandaag \u00e9n morgen.<\/h2>\n\n\n\n<p class=\"has-link-color wp-elements-15c33abf3a0f4cb28a9dd5d5704935ed\">Met <a href=\"https:\/\/www.inmotiv.be\/nl\/voertuig-gegevens\/autoconnect-fvs\/\">Autoconnect Fleet Value Standard (FVS)<\/a> krijgt u een uiterst nauwkeurige inschatting van de huidige \u00e9n toekomstige restwaarde van uw wagenpark. Niet op basis van verouderde afschrijvingstabellen, maar dankzij geavanceerde statistiek en AI, gevoed door \u00e9chte marktdata uit Belgi\u00eb.<br><br>Onze berekeningen steunen op duizenden wekelijkse observaties van betrouwbare bronnen zoals webportalen en veilingen. Zo benadert Autoconnect FVS de werkelijke marktprijzen beter dan eender welke klassieke methode.<\/p>\n\n\n\n<ul>\n<li>Actuele \u00e9n toekomstige waarde<\/li>\n\n\n\n<li>Prijzen voor B2B, B2C en C2C<\/li>\n\n\n\n<li>Bewezen beste in vergelijkende tests<\/li>\n\n\n\n<li>Tot vele malen goedkoper dan de concurrentie<\/li>\n<\/ul>\n\n\n\n<p><strong>Waarom kiezen voor Autoconnect FVS?<\/strong><br>Omdat u zekerheid wilt. Omdat u niet wilt gokken. Omdat u wilt vertrouwen op een methode die keer op keer als beste uit de test komt.<br><br><strong>Geef uw waardebepaling in handen van de marktleider.<\/strong><br>Autoconnect FVS: slim, betrouwbaar en voordelig.<\/p>\n\n\n\n<div class=\"wp-block-buttons is-layout-flex wp-block-buttons-is-layout-flex\">\n<div class=\"wp-block-button\"><a class=\"wp-block-button__link wp-element-button\" href=\"https:\/\/www.inmotiv.be\/nl\/voertuig-gegevens\/autoconnect-fvs\/\" target=\"_blank\" rel=\"noreferrer noopener\">Bereken de \u00e9chte waarde van uw wagen(park)&#8230;<\/a><\/div>\n<\/div>\n<\/div>\n\n\n\n<div class=\"wp-block-column is-vertically-aligned-top is-layout-flow wp-block-column-is-layout-flow\" style=\"flex-basis:50%\">\n<p class=\"has-text-color has-link-color wp-elements-0736f49972d68e789f0a96f8c05d033a\" style=\"color:#a3a3a370;padding-top:var(--wp--preset--spacing--50)\">Autoconnect FVS &#8211; Fleet Value Standard &#8211; huidige en toekomstige restwaarde &#8211; marktdata &#8211; werkelijke marktprijzen &#8211; B2B, B2C, C2C &#8211; betrouwbaar<\/p>\n<\/div>\n<\/div>\n\n\n\n<div class=\"wp-block-columns alignwide is-layout-flex wp-container-core-columns-layout-5 wp-block-columns-is-layout-flex\" id=\"WEBSHOP\" style=\"margin-top:0;margin-bottom:0\">\n<div class=\"wp-block-column is-vertically-aligned-top is-layout-flow wp-block-column-is-layout-flow\" style=\"flex-basis:50%\">\n<figure class=\"wp-block-image size-large\"><img loading=\"lazy\" decoding=\"async\" width=\"1024\" height=\"189\" src=\"https:\/\/wp-s1.inmotiv.be\/wp-content\/uploads\/2025\/10\/logo_autoconnect_webshop_s-1024x189.jpg\" alt=\"\" class=\"wp-image-155\" srcset=\"https:\/\/wp-s2.inmotiv.be\/wp-content\/uploads\/2025\/10\/logo_autoconnect_webshop_s-1024x189.jpg 1024w, https:\/\/wp-s2.inmotiv.be\/wp-content\/uploads\/2025\/10\/logo_autoconnect_webshop_s-300x55.jpg 300w, https:\/\/wp-s2.inmotiv.be\/wp-content\/uploads\/2025\/10\/logo_autoconnect_webshop_s-768x142.jpg 768w, https:\/\/wp-s2.inmotiv.be\/wp-content\/uploads\/2025\/10\/logo_autoconnect_webshop_s.jpg 1356w\" sizes=\"(max-width: 1024px) 100vw, 1024px\" \/><\/figure>\n\n\n\n<h2 class=\"wp-block-heading\" style=\"font-size:clamp(18.959px, 1.185rem + ((1vw - 3.2px) * 1.15), 30px);font-style:normal;font-weight:400\">Offici\u00eble Belgische nummerplaten online bestellen bij Autoconnect<\/h2>\n\n\n\n<p class=\"has-link-color wp-elements-c9460aad35854c8d043fe9bee9d903a6\">Welkom bij <a href=\"https:\/\/shop.autoconnect.be\/\" target=\"_blank\" rel=\"noreferrer noopener\">Autoconnect Shop<\/a>, d\u00e9 plek om eenvoudig en snel jouw <strong>offici\u00eble Belgische nummerplaat<\/strong>&nbsp;te bestellen. Wij leveren <strong>hoogwaardige voorste nummerplaten<\/strong>&nbsp;en <strong>nummerplaatduplicaten<\/strong>, rechtstreeks van de erkende fabrikant van <strong>offici\u00eble Belgische nummerplaten<\/strong>&nbsp;\u2013 volledig conform de wettelijke eisen van de <strong>Belgische Overheid<\/strong>.<br><br>Onze nummerplaten zijn duurzaam, kleurvast en bestand tegen zon, hitte en hogedrukreiniging. Bestel vandaag nog jouw <strong>nummerplaat online<\/strong>&nbsp;en ontvang ze <strong>razendsnel aan huis<\/strong>.<br><br>Naast nummerplaten vind je bij Autoconnect ook een ruim aanbod aan <strong>nummerplaataccessoires<\/strong>&nbsp;en <strong>auto-onderdelen<\/strong>. <strong>Kies voor kwaliteit, zekerheid en gemak \u2013 bestel nu bij Autoconnect!<\/strong><\/p>\n\n\n\n<div class=\"wp-block-buttons is-layout-flex wp-block-buttons-is-layout-flex\">\n<div class=\"wp-block-button\"><a class=\"wp-block-button__link wp-element-button\" href=\"https:\/\/shop.autoconnect.be\/\" target=\"_blank\" rel=\"noreferrer noopener\">Bezoek Autoconnect Shop en bestel meteen<\/a><\/div>\n<\/div>\n<\/div>\n\n\n\n<div class=\"wp-block-column is-vertically-aligned-top is-layout-flow wp-block-column-is-layout-flow\" style=\"flex-basis:50%\">\n<figure class=\"wp-block-image size-full has-custom-border is-style-rounded wp-duotone-duotone-1\"><a href=\"https:\/\/shop.autoconnect.be\/\"><img loading=\"lazy\" decoding=\"async\" width=\"384\" height=\"101\" src=\"https:\/\/wp-s1.inmotiv.be\/wp-content\/uploads\/2025\/10\/0000161_europese-nummerplaat-standaard_415-2.png\" alt=\"\" class=\"has-border-color has-base-2-border-color wp-image-157\" style=\"border-width:2px\" srcset=\"https:\/\/wp-s2.inmotiv.be\/wp-content\/uploads\/2025\/10\/0000161_europese-nummerplaat-standaard_415-2.png 384w, https:\/\/wp-s2.inmotiv.be\/wp-content\/uploads\/2025\/10\/0000161_europese-nummerplaat-standaard_415-2-300x79.png 300w\" sizes=\"(max-width: 384px) 100vw, 384px\" \/><\/a><\/figure>\n\n\n\n<p class=\"has-text-color has-link-color wp-elements-184fefd0c62003edcdf07cba20f07e16\" style=\"color:#a3a3a370;padding-top:var(--wp--preset--spacing--30)\">Autoconnect webshop &#8211; voorste nummerplaat &#8211; plaathouder &#8211; Europese nummerplaat &#8211; moto nummerplaat &#8211; SUV nummerplaat &#8211; gepersonaliseerde nummerplaat &#8211; g-plaat &#8211; handelaarsplaat &#8211; plaathouder &#8211; speed pedelec plaat &#8211; bevestigingsschroeven &#8211; veiligheidshesje<\/p>\n<\/div>\n<\/div>\n<\/div>\n","protected":false},"excerpt":{"rendered":"<p>Uw voertuigdata up-to-date! Identificeer voertuigen, zoek alle technische en commerci\u00eble gegevens en krijg een objectieve waardebepaling. ZOEK VOERTUIGGEGEVENS VIA CHASSISNUMMER CONSULTEER PRIJSLIJST- EN CATALOGUSDATABANK BEPAAL VOERTUIGWAARDE BESTEL NUMMERPLAAT De slimste weg naar betrouwbare voertuiginfo! Autoconnect CARWIZARD is d\u00e9 referentie voor prijslijsten en catalogusdata! Ontdek alle technische specificaties en commerci\u00eble gegevens van maar liefst 66 automerken [&hellip;]<\/p>\n","protected":false},"author":2,"featured_media":0,"parent":0,"menu_order":0,"comment_status":"closed","ping_status":"closed","template":"","meta":{"footnotes":""},"_links":{"self":[{"href":"https:\/\/wp-s2.inmotiv.be\/index.php\/wp-json\/wp\/v2\/pages\/47"}],"collection":[{"href":"https:\/\/wp-s2.inmotiv.be\/index.php\/wp-json\/wp\/v2\/pages"}],"about":[{"href":"https:\/\/wp-s2.inmotiv.be\/index.php\/wp-json\/wp\/v2\/types\/page"}],"author":[{"embeddable":true,"href":"https:\/\/wp-s2.inmotiv.be\/index.php\/wp-json\/wp\/v2\/users\/2"}],"replies":[{"embeddable":true,"href":"https:\/\/wp-s2.inmotiv.be\/index.php\/wp-json\/wp\/v2\/comments?post=47"}],"version-history":[{"count":92,"href":"https:\/\/wp-s2.inmotiv.be\/index.php\/wp-json\/wp\/v2\/pages\/47\/revisions"}],"predecessor-version":[{"id":395,"href":"https:\/\/wp-s2.inmotiv.be\/index.php\/wp-json\/wp\/v2\/pages\/47\/revisions\/395"}],"wp:attachment":[{"href":"https:\/\/wp-s2.inmotiv.be\/index.php\/wp-json\/wp\/v2\/media?parent=47"}],"curies":[{"name":"wp","href":"https:\/\/api.w.org\/{rel}","templated":true}]}}